{"id":32,"date":"2022-08-02T11:35:03","date_gmt":"2022-08-02T14:35:03","guid":{"rendered":"https:\/\/www.sea.unt.edu.ar\/?page_id=22"},"modified":"2022-08-02T11:35:03","modified_gmt":"2022-08-02T14:35:03","slug":"funciones","status":"publish","type":"page","link":"https:\/\/www.sea.unt.edu.ar\/?page_id=32","title":{"rendered":"Misi\u00f3n"},"content":{"rendered":"<div class=\"wp-container-4 gridContainer\">\n<div class=\"wp-block-columns\"><div class=\"wp-container-1 gridContainer\">\n<div class=\"wp-block-column\"><div class=\"gridContainer\">\n<ul style=\"list-style-type: square;\">\n<li style=\"text-align: center;\">Administra los recursos humanos, patrimoniales y financieros, generando<br \/>buenas pr\u00e1cticas de gesti\u00f3n y administraci\u00f3n universitarias en un marco de<br \/>eficiencia, eficacia y transparencia que contribuya al uso racional de los recursos disponibles y al desarrollo sostenible de la Universidad Nacional de Tucum\u00e1n.<\/li>\n<\/ul>\n<\/div><\/div>\n<\/div>\n\n<div class=\"wp-container-2 gridContainer\">\n<div class=\"wp-block-column\"><div class=\"gridContainer\">\n<ul style=\"list-style-type: square;\">\n<li style=\"text-align: center;\">Coordina la elaboraci\u00f3n y la aprobaci\u00f3n del presupuesto anual universitario.<\/li>\n<\/ul>\n<\/div><\/div>\n<\/div>\n\n<div class=\"wp-container-3 gridContainer\">\n<div class=\"wp-block-column\"><div class=\"gridContainer\">\n<ul style=\"list-style-type: square;\">\n<li style=\"text-align: center;\">Supervisa la rendici\u00f3n de cuentas de todas las operaciones econ\u00f3micas-financieras relacionadas con las ejecuciones del presupuesto general y del patrimonio.<\/li>\n<\/ul>\n<\/div><\/div>\n<\/div><\/div>\n<\/div>\n\n<div class=\"wp-container-6 gridContainer\">\n<div class=\"wp-block-columns\"><div class=\"wp-container-5 gridContainer\">\n<div class=\"wp-block-column\"><\/div>\n<\/div><\/div>\n<\/div>","protected":false},"excerpt":{"rendered":"<p>Administra los recursos humanos, patrimoniales y financieros, generandobuenas pr\u00e1cticas de gesti\u00f3n y administraci\u00f3n universitarias en un marco deeficiencia, eficacia y transparencia que contribuya al uso racional de los recursos disponibles y al desarrollo sostenible de la Universidad Nacional de Tucum\u00e1n. Coordina la elaboraci\u00f3n y la aprobaci\u00f3n del presupuesto anual universitario. Supervisa la rendici\u00f3n de cuentas&nbsp;&hellip;<\/p>\n","protected":false},"author":1,"featured_media":0,"parent":0,"menu_order":0,"comment_status":"closed","ping_status":"closed","template":"","meta":[],"_links":{"self":[{"href":"https:\/\/www.sea.unt.edu.ar\/index.php?rest_route=\/wp\/v2\/pages\/32"}],"collection":[{"href":"https:\/\/www.sea.unt.edu.ar\/index.php?rest_route=\/wp\/v2\/pages"}],"about":[{"href":"https:\/\/www.sea.unt.edu.ar\/index.php?rest_route=\/wp\/v2\/types\/page"}],"author":[{"embeddable":true,"href":"https:\/\/www.sea.unt.edu.ar\/index.php?rest_route=\/wp\/v2\/users\/1"}],"replies":[{"embeddable":true,"href":"https:\/\/www.sea.unt.edu.ar\/index.php?rest_route=%2Fwp%2Fv2%2Fcomments&post=32"}],"version-history":[{"count":0,"href":"https:\/\/www.sea.unt.edu.ar\/index.php?rest_route=\/wp\/v2\/pages\/32\/revisions"}],"wp:attachment":[{"href":"https:\/\/www.sea.unt.edu.ar\/index.php?rest_route=%2Fwp%2Fv2%2Fmedia&parent=32"}],"curies":[{"name":"wp","href":"https:\/\/api.w.org\/{rel}","templated":true}]}}