{"id":6,"date":"2022-08-18T15:03:54","date_gmt":"2022-08-18T15:03:54","guid":{"rendered":"https:\/\/www.sea.unt.edu.ar\/?page_id=6"},"modified":"2022-08-25T12:30:38","modified_gmt":"2022-08-25T12:30:38","slug":"materialis","status":"publish","type":"page","link":"https:\/\/www.sea.unt.edu.ar\/","title":{"rendered":"Front Page"},"content":{"rendered":"<div  id=\"overlappable-8\" style=\"background-color: #f5fafd;\" data-label=\"Overlappable\" data-id=\"overlappable-5-materialis\" data-export-id=\"overlappable-5-materialis\" data-category=\"overlappable\" class=\"overlappable-5-materialis content-section content-section-spacing-large\" data-overlap=\"true\"><div  class=\"gridContainer\"> <div  data-type=\"row\" class=\"row spaced-cols \"><div  class=\"col-xs-12 col-sm-6 col-md-4 \"> <div  class=\"card mdc-elevation--z3 row-card\"><div  class=\"row\"> <div  class=\"col-xs-12 col-sm-fit icon-col\" data-fixed=\"true\"><i  class=\"color1 icon mdi mdi-binoculars reverse round big\"><\/i><\/div> <div  class=\"col-xs-12 col-sm\" data-type=\"column\"><h4  class=\"color-black\">COORDINACI\u00d3N<\/h4> <p  class=\"\">Coordina la elaboraci\u00f3n y la aprobaci\u00f3n del presupuesto anual universitario.<\/p><\/div> <\/div><\/div> <\/div> <div  class=\"col-xs-12 col-sm-6 col-md-4 \"> <div  class=\"card mdc-elevation--z3 row-card\"> <div  class=\"row\"> <div  class=\"col-xs-12 col-sm-fit icon-col\" data-fixed=\"true\"> <i  class=\"color1 icon mdi mdi-bank reverse round big\"><\/i><\/div> <div  class=\"col-xs-12 col-sm\" data-type=\"column\"><h4  class=\"color-black\">SUPERVISI\u00d3N<\/h4> <p  class=\"\">Supervisa la rendici\u00f3n de cuentas de todas las operaciones econ\u00f3micas-financieras relacionadas con las ejecuciones del presupuesto general y del patrimonio.<\/p><\/div> <\/div><\/div> <\/div> <div  class=\"col-xs-12 col-sm-6 col-md-4 \"> <div  class=\"card mdc-elevation--z3 row-card\"> <div  class=\"row\"> <div  class=\"col-xs-12 col-sm-fit icon-col\" data-fixed=\"true\"> <i  class=\"color1 icon mdi mdi-arrange-bring-forward reverse round big\"><\/i><\/div> <div  class=\"col-xs-12 col-sm\" data-type=\"column\"><h4  class=\"color-black\">ADMINISTRACI\u00d3N<\/h4> <p  class=\"\">Administra los recursos humanos, patrimoniales y financieros en un marco de eficiencia, eficacia y transparencia que contribuya al uso racional de los recursos disponibles y al desarrollo sostenible de la Universidad Nacional de Tucum\u00e1n.<\/p><\/div> <\/div><\/div> <\/div><\/div> <\/div><\/div><div  id=\"team-7\" style=\"background-color: #ffffff;\" data-label=\"Team\" data-id=\"team-8-materialis\" data-export-id=\"team-8-materialis\" data-category=\"team\" class=\"team-8m content-section content-section-spacing-large\"><div  class=\"gridContainer\"> <div  class=\"row space-bottom\"><div  class=\"section-title-col\" data-type=\"column\"> <h2  class=\"\">Nuestras autoridades<\/h2> <p  class=\"lead\">Autoridades de la Secretar\u00eda Econ\u00f3mico Administrativa de la Universidad Nacional de Tucum\u00e1n<\/p><\/div> <\/div> <div  class=\"row spaced-cols content-left-sm\" data-type=\"row\" data-max-items=\"4\"> <div  class=\"col-xs-12 col-sm-12 col-md-6\"> <div  class=\"row\"> <div  class=\"col-xs-12 col-sm-6 col-md-6\"> <div  class=\"card mdc-elevation--z3 no-radius image-holder\" data-fixed=\"true\"> <img  class=\"face no-margin-bottom\" src=\"https:\/\/www.sea.unt.edu.ar\/wp-content\/uploads\/2022\/08\/fj-gigapixel.jpg\"><\/div> <\/div> <div  class=\"col-xs-12 col-sm-6 col-md-6 right-col\"> <div  data-type=\"column\" class=\"description-container use-section-text-color\"> <h4  class=\"no-margin-bottom\">C.P.N. Federico Ju\u00e1rez<\/h4> <p  class=\"font-300\">Secretario Econ\u00f3mico Administrativo<\/p> <p  class=\"\">Lorem ipsum dolor sit amet, consectetur adipisicing elit, sed do eiusmod tempor incididunt ut labore et dolore magna aliqua.<\/p> <div  class=\"social-icons-group col-no-padding\" data-type=\"group\"> <a  href=\"#\"><i  class=\"mdi mdi-facebook social-icon\"><\/i><\/a> <a  href=\"#\"><i  class=\"mdi mdi-twitter social-icon\"><\/i><\/a> <a  href=\"#\"><i  class=\"mdi mdi-instagram social-icon\"><\/i><\/a> <a  href=\"#\"><i  class=\"mdi mdi-rss social-icon\"><\/i><\/a><\/div> <\/div><\/div> <\/div><\/div> <div  class=\"col-xs-12 col-sm-12 col-md-6\"><div  class=\"row\"> <div  class=\"col-xs-12 col-sm-6 col-md-6\"><div  class=\"card mdc-elevation--z3 no-radius image-holder\" data-fixed=\"true\"> <img  class=\"face no-margin-bottom\" src=\"https:\/\/www.sea.unt.edu.ar\/wp-content\/uploads\/2022\/08\/sub-1.png\"><\/div> <\/div> <div  class=\"col-xs-12 col-sm-6 col-md-6 right-col\"> <div  data-type=\"column\" class=\"description-container use-section-text-color\"> <h4  class=\"no-margin-bottom\">Odont. Diego Silvera<\/h4> <p  class=\"font-300\">Sub-Secretario Econ\u00f3mico Administrativo<\/p> <p  class=\"\">Lorem ipsum dolor sit amet, consectetur adipisicing elit, sed do eiusmod tempor incididunt ut labore et dolore magna aliqua.<\/p> <div  class=\"social-icons-group col-no-padding\" data-type=\"group\"> <a  href=\"#\"><i  class=\"mdi mdi-facebook social-icon\"><\/i><\/a> <a  href=\"#\"><i  class=\"mdi mdi-twitter social-icon\"><\/i><\/a> <a  href=\"#\"><i  class=\"mdi mdi-instagram social-icon\"><\/i><\/a> <a  href=\"#\"><i  class=\"mdi mdi-rss social-icon\"><\/i><\/a><\/div> <\/div><\/div> <\/div><\/div>   <\/div><\/div> <\/div><div  id=\"latest-news-1\" style=\"background-color: #f5fafd;\" data-label=\"Latest-news\" data-id=\"latest-news-1-materialis\" data-export-id=\"latest-news-1-materialis\" data-category=\"latest_news\" class=\"latest-news-1-materialis content-section content-section-spacing-large\"><div  class=\"gridContainer\"> <div  class=\"row\"><div  data-type=\"column\" class=\"section-title-col\"> <h2  class=\"\">Nuestro blog de noticias<\/h2> <p  class=\"lead\">Noticias de la Secretar\u00eda Econ\u00f3mico Administrativa<\/p><\/div> <\/div> <div  class=\"row content-left-sm\"> <div  data-type=\"row\" data-dynamic-columns=\"handled\" data-content-shortcode=\"materialis_latest_news\" data-max-items=\"4\">        <div class=\"row materialis-latest-news\">\r\n                    <div id=\"post-24\" class=\"col-sm-6 col-md-4 space-bottom space-bottom-xs\">\r\n                    <div class=\"post-content no-padding  mdc-card overflow-hidden mdc-elevation--z2 latest-news-layout-cards\">\r\n                    <div class=\"\">\r\n                    <div class=\"post-thumbnail\">\n        <a href=\"https:\/\/www.sea.unt.edu.ar\/?p=24\" class=\"post-list-item-thumb \">\n            <img width=\"350\" height=\"231\" src=\"https:\/\/www.sea.unt.edu.ar\/wp-content\/uploads\/2022\/08\/noticia1-350-1.png\" class=\"attachment-post-thumbnail size-post-thumbnail wp-post-image\" alt=\"\" loading=\"lazy\" srcset=\"https:\/\/www.sea.unt.edu.ar\/wp-content\/uploads\/2022\/08\/noticia1-350-1.png 350w, https:\/\/www.sea.unt.edu.ar\/wp-content\/uploads\/2022\/08\/noticia1-350-1-300x198.png 300w\" sizes=\"(max-width: 350px) 100vw, 350px\" \/>        <\/a>\n    <\/div>\n                <\/div>\r\n        \r\n        <div class=\"post-content-body col-padding  \">\r\n                            <div class=\"space-bottom-small\">\r\n                    <a href=\"https:\/\/www.sea.unt.edu.ar\/?cat=2\"  class=\"button color5 link \">Sin categor\u00eda<\/a>                <\/div>\r\n            \r\n            <h4 class=\"latest-news-item-title\">\r\n                <a href=\"https:\/\/www.sea.unt.edu.ar\/?p=24\" rel=\"bookmark\">\r\n                    Informe sobre Antenas de Fibra \u00d3ptica en Escuelas 3                <\/a>\r\n            <\/h4>\r\n\r\n            \r\n            <div class=\"latest-news-item-excerpt\">\r\n                <p>Comparativas del estado de la Torre del Centro Prebisch Vista estado anterior Vista estado actual[&hellip;]<\/p>\n            <\/div>\r\n\r\n\r\n        <\/div>\r\n                            <div class=\"mdc-card__actions box-padding-lr-small text-dark\">\r\n                <div class=\"mdc-card__action-icons col-xs-12 text-dark col-sm-fit no-padding-left\">\r\n                        <a class=\"post-footer-link\" href=\"https:\/\/www.sea.unt.edu.ar\/?p=24\">\r\n        <i class=\"mdi small mdi-comment-outline mdc-card__action mdc-card__action--icon color-darkgray\" title=\"Comments\"><\/i>\r\n        <span class=\"post-footer-value\">1<\/span>\r\n    <\/a>\r\n    <a class=\"post-footer-link\" href=\"https:\/\/www.sea.unt.edu.ar\/?p=24\">\r\n        <i class=\"mdi small mdi-clock mdc-card__action mdc-card__action--icon color-darkgray\" title=\"Post Time\"><\/i>\r\n        <span class=\"post-footer-value\">August 2, 2022<\/span>\r\n    <\/a>\r\n                    <\/div>\r\n                <div class=\"mdc-card__action-buttons col-xs-12 col-sm-fit no-padding\">\r\n                    <a href=\"https:\/\/www.sea.unt.edu.ar\/?p=24\" class=\"button color2 link\">Read more<\/a>\r\n                <\/div>\r\n            <\/div>\r\n            <\/div>\r\n                <\/div>\r\n            <\/div>\r\n    <\/div><\/div> <div  class=\"row\"><div  class=\"col-xs-12 text-center\"> <a  class=\"button big color1 mdc-elevation--z3 mdc-ripple-upgraded\" data-attr-shortcode=\"href:materialis_blog_link\" href=\"https:\/\/www.sea.unt.edu.ar\/?page_id=7\">VISIT OUR BLOG<\/a><\/div> <\/div><\/div><\/div><div  id=\"contact-1\" data-label=\"Contact\" data-id=\"contact-1\" data-export-id=\"contact-1\" data-category=\"contact\" class=\"contact-1 content-section content-section-spacing-large content-relative white-text\" data-parallax-depth=\"20\" style=\"background-image: url(&quot;https:\/\/www.sea.unt.edu.ar\/wp-content\/uploads\/2022\/08\/RECTORADO-FRENTE-1.jpg&quot;); background-size: cover; background-position: center top;\"><div  class=\"gridContainer\"> <div  class=\"row text-center\"><div  class=\"section-title-col\" data-type=\"column\"> <h2  class=\"\">Ponete en contacto con nosotros<\/h2> <p  class=\"lead\">Te responderemos a la brevedad<\/p><\/div> <\/div> <div  class=\"row text-center\"> <div  class=\"col-xs-12 col-sm-8 col-sm-offset-2 contact-form-wrapper inline-info\"> <div  class=\"card mdc-elevation--z3 col-padding-top\"> <div  class=\"dark-text\" data-content-shortcode=\"materialis_contact_form shortcode=&quot;wpforms id=&amp;amp;quot;178&amp;amp;quot; title=&amp;amp;quot;false&amp;amp;quot;&quot;\" data-editable=\"true\"><div class=\"wpforms-container wpforms-container-full\" id=\"wpforms-178\"><form id=\"wpforms-form-178\" class=\"wpforms-validate wpforms-form wpforms-ajax-form\" data-formid=\"178\" method=\"post\" enctype=\"multipart\/form-data\" action=\"\/index.php?rest_route=%2Fwp%2Fv2%2Fpages%2F6\" data-token=\"16141c531a62e442e7a54f1dac7cfd86\"><noscript class=\"wpforms-error-noscript\">Please enable JavaScript in your browser to complete this form.<\/noscript><div class=\"wpforms-field-container\"><div id=\"wpforms-178-field_0-container\" class=\"wpforms-field wpforms-field-name\" data-field-id=\"0\"><label class=\"wpforms-field-label\" for=\"wpforms-178-field_0\">Nombre <span class=\"wpforms-required-label\">*<\/span><\/label><input type=\"text\" id=\"wpforms-178-field_0\" class=\"wpforms-field-medium wpforms-field-required\" name=\"wpforms[fields][0]\" placeholder=\"Ingres\u00e1 aqui tu nombre\" required><\/div><div id=\"wpforms-178-field_1-container\" class=\"wpforms-field wpforms-field-email\" data-field-id=\"1\"><label class=\"wpforms-field-label\" for=\"wpforms-178-field_1\">Email <span class=\"wpforms-required-label\">*<\/span><\/label><input type=\"email\" id=\"wpforms-178-field_1\" class=\"wpforms-field-medium wpforms-field-required\" name=\"wpforms[fields][1]\" placeholder=\"Ingres\u00e1 aqui tu correo electr\u00f3nico\" required><\/div><div id=\"wpforms-178-field_3-container\" class=\"wpforms-field wpforms-field-text\" data-field-id=\"3\"><label class=\"wpforms-field-label\" for=\"wpforms-178-field_3\">Tel\u00e9fono\/Celular <span class=\"wpforms-required-label\">*<\/span><\/label><input type=\"text\" id=\"wpforms-178-field_3\" class=\"wpforms-field-medium wpforms-field-required\" name=\"wpforms[fields][3]\" placeholder=\"Ingres\u00e1 aqui tu n\u00famero de tel\u00e9fono\" required><\/div><div id=\"wpforms-178-field_2-container\" class=\"wpforms-field wpforms-field-textarea\" data-field-id=\"2\"><label class=\"wpforms-field-label\" for=\"wpforms-178-field_2\">Consulta <span class=\"wpforms-required-label\">*<\/span><\/label><textarea id=\"wpforms-178-field_2\" class=\"wpforms-field-medium wpforms-field-required\" name=\"wpforms[fields][2]\" placeholder=\"Ingres\u00e1 aqui tu consulta\" required><\/textarea><\/div><\/div><div class=\"wpforms-submit-container\"><input type=\"hidden\" name=\"wpforms[id]\" value=\"178\"><input type=\"hidden\" name=\"wpforms[author]\" value=\"1\"><button type=\"submit\" name=\"wpforms[submit]\" id=\"wpforms-submit-178\" class=\"wpforms-submit\" data-alt-text=\"Enviando...\" data-submit-text=\"Enviar consulta\" aria-live=\"assertive\" value=\"wpforms-submit\">Enviar consulta<\/button><img src=\"https:\/\/www.sea.unt.edu.ar\/wp-content\/plugins\/wpforms-lite\/assets\/images\/submit-spin.svg\" class=\"wpforms-submit-spinner\" style=\"display: none;\" width=\"26\" height=\"26\" alt=\"Loading\"><\/div><\/form><\/div>  <!-- .wpforms-container --><\/div><\/div> <\/div><\/div> <\/div><\/div>","protected":false},"excerpt":{"rendered":"","protected":false},"author":1,"featured_media":0,"parent":0,"menu_order":0,"comment_status":"closed","ping_status":"closed","template":"page-templates\/homepage.php","meta":[],"_links":{"self":[{"href":"https:\/\/www.sea.unt.edu.ar\/index.php?rest_route=\/wp\/v2\/pages\/6"}],"collection":[{"href":"https:\/\/www.sea.unt.edu.ar\/index.php?rest_route=\/wp\/v2\/pages"}],"about":[{"href":"https:\/\/www.sea.unt.edu.ar\/index.php?rest_route=\/wp\/v2\/types\/page"}],"author":[{"embeddable":true,"href":"https:\/\/www.sea.unt.edu.ar\/index.php?rest_route=\/wp\/v2\/users\/1"}],"replies":[{"embeddable":true,"href":"https:\/\/www.sea.unt.edu.ar\/index.php?rest_route=%2Fwp%2Fv2%2Fcomments&post=6"}],"version-history":[{"count":12,"href":"https:\/\/www.sea.unt.edu.ar\/index.php?rest_route=\/wp\/v2\/pages\/6\/revisions"}],"predecessor-version":[{"id":184,"href":"https:\/\/www.sea.unt.edu.ar\/index.php?rest_route=\/wp\/v2\/pages\/6\/revisions\/184"}],"wp:attachment":[{"href":"https:\/\/www.sea.unt.edu.ar\/index.php?rest_route=%2Fwp%2Fv2%2Fmedia&parent=6"}],"curies":[{"name":"wp","href":"https:\/\/api.w.org\/{rel}","templated":true}]}}